{"id":6187,"date":"2026-02-04T14:20:13","date_gmt":"2026-02-04T19:20:13","guid":{"rendered":"https:\/\/verified.realfluencers.co\/about-us\/"},"modified":"2026-02-16T14:22:29","modified_gmt":"2026-02-16T19:22:29","slug":"about-us","status":"publish","type":"page","link":"https:\/\/influencerverified.co\/en\/about-us\/","title":{"rendered":"About us"},"content":{"rendered":"\t\t<div data-elementor-type=\"wp-page\" data-elementor-id=\"6187\" class=\"elementor elementor-6187 elementor-5857\" data-elementor-post-type=\"page\">\n\t\t\t\t<div class=\"elementor-element elementor-element-26dc997 e-con-full e-flex e-con e-parent\" data-id=\"26dc997\" data-element_type=\"container\" data-e-type=\"container\" data-settings=\"{&quot;background_background&quot;:&quot;gradient&quot;}\">\n\t\t<div class=\"elementor-element elementor-element-1830dd0 animated-slow e-flex e-con-boxed e-con e-child\" data-id=\"1830dd0\" data-element_type=\"container\" data-e-type=\"container\" data-settings=\"{&quot;background_background&quot;:&quot;classic&quot;,&quot;animation&quot;:&quot;none&quot;}\">\n\t\t\t\t\t<div class=\"e-con-inner\">\n\t\t<div class=\"elementor-element elementor-element-b03df66 e-con-full e-flex e-con e-child\" data-id=\"b03df66\" data-element_type=\"container\" data-e-type=\"container\">\n\t\t\t\t<div class=\"elementor-element elementor-element-4a95bed elementor-invisible elementor-widget elementor-widget-heading\" data-id=\"4a95bed\" data-element_type=\"widget\" data-e-type=\"widget\" data-settings=\"{&quot;_animation&quot;:&quot;fadeIn&quot;}\" data-widget_type=\"heading.default\">\n\t\t\t\t<div class=\"elementor-widget-container\">\n\t\t\t\t\t<h2 class=\"elementor-heading-title elementor-size-default\">About us<\/h2>\t\t\t\t<\/div>\n\t\t\t\t<\/div>\n\t\t\t\t<div class=\"elementor-element elementor-element-f62c518 elementor-invisible elementor-widget elementor-widget-text-editor\" data-id=\"f62c518\" data-element_type=\"widget\" data-e-type=\"widget\" data-settings=\"{&quot;_animation&quot;:&quot;fadeIn&quot;,&quot;_animation_delay&quot;:400}\" data-widget_type=\"text-editor.default\">\n\t\t\t\t<div class=\"elementor-widget-container\">\n\t\t\t\t\t\t\t\t\t<p>Influencer Verified is the first influencer verification system that prioritizes employability over popularity.<\/p><p>It sets a new standard in influencer marketing by evaluating what really matters: professional track record, quality of performance and ethics.<\/p>\t\t\t\t\t\t\t\t<\/div>\n\t\t\t\t<\/div>\n\t\t\t\t<div class=\"elementor-element elementor-element-218923b elementor-widget elementor-widget-spacer\" data-id=\"218923b\" data-element_type=\"widget\" data-e-type=\"widget\" data-widget_type=\"spacer.default\">\n\t\t\t\t<div class=\"elementor-widget-container\">\n\t\t\t\t\t\t\t<div class=\"elementor-spacer\">\n\t\t\t<div class=\"elementor-spacer-inner\"><\/div>\n\t\t<\/div>\n\t\t\t\t\t\t<\/div>\n\t\t\t\t<\/div>\n\t\t\t\t<\/div>\n\t\t<div class=\"elementor-element elementor-element-a4faa0d e-con-full animated-slow e-flex e-con e-child\" data-id=\"a4faa0d\" data-element_type=\"container\" data-e-type=\"container\" data-settings=\"{&quot;background_background&quot;:&quot;classic&quot;,&quot;animation&quot;:&quot;none&quot;}\">\n\t\t\t\t<\/div>\n\t\t\t\t\t<\/div>\n\t\t\t\t<\/div>\n\t\t\t\t<\/div>\n\t\t<div class=\"elementor-element elementor-element-e2a5b9a e-flex e-con-boxed e-con e-parent\" data-id=\"e2a5b9a\" data-element_type=\"container\" data-e-type=\"container\" data-settings=\"{&quot;background_background&quot;:&quot;classic&quot;}\">\n\t\t\t\t\t<div class=\"e-con-inner\">\n\t\t<div class=\"elementor-element elementor-element-8664055 e-con-full e-flex e-con e-child\" data-id=\"8664055\" data-element_type=\"container\" data-e-type=\"container\">\n\t\t\t\t<div class=\"elementor-element elementor-element-1179518 elementor-align-center elementor-widget elementor-widget-lottie\" data-id=\"1179518\" data-element_type=\"widget\" data-e-type=\"widget\" data-settings=\"{&quot;source_json&quot;:{&quot;url&quot;:&quot;https:\\\/\\\/influencerverified.co\\\/wp-content\\\/uploads\\\/2026\\\/02\\\/Lottie-Frase_2.json&quot;,&quot;id&quot;:6031,&quot;size&quot;:&quot;&quot;,&quot;alt&quot;:&quot;&quot;,&quot;source&quot;:&quot;library&quot;},&quot;loop&quot;:&quot;yes&quot;,&quot;source&quot;:&quot;media_file&quot;,&quot;caption_source&quot;:&quot;none&quot;,&quot;link_to&quot;:&quot;none&quot;,&quot;trigger&quot;:&quot;arriving_to_viewport&quot;,&quot;viewport&quot;:{&quot;unit&quot;:&quot;%&quot;,&quot;size&quot;:&quot;&quot;,&quot;sizes&quot;:{&quot;start&quot;:0,&quot;end&quot;:100}},&quot;play_speed&quot;:{&quot;unit&quot;:&quot;px&quot;,&quot;size&quot;:1,&quot;sizes&quot;:[]},&quot;start_point&quot;:{&quot;unit&quot;:&quot;%&quot;,&quot;size&quot;:0,&quot;sizes&quot;:[]},&quot;end_point&quot;:{&quot;unit&quot;:&quot;%&quot;,&quot;size&quot;:100,&quot;sizes&quot;:[]},&quot;renderer&quot;:&quot;svg&quot;}\" data-widget_type=\"lottie.default\">\n\t\t\t\t<div class=\"elementor-widget-container\">\n\t\t\t\t\t<div class=\"e-lottie__container\"><div class=\"e-lottie__animation\"><\/div><\/div>\t\t\t\t<\/div>\n\t\t\t\t<\/div>\n\t\t\t\t<\/div>\n\t\t\t\t\t<\/div>\n\t\t\t\t<\/div>\n\t\t<div class=\"elementor-element elementor-element-57f9ea0 e-flex e-con-boxed e-con e-parent\" data-id=\"57f9ea0\" data-element_type=\"container\" data-e-type=\"container\" data-settings=\"{&quot;background_background&quot;:&quot;classic&quot;}\">\n\t\t\t\t\t<div class=\"e-con-inner\">\n\t\t<div class=\"elementor-element elementor-element-00ad3ae e-con-full e-flex e-con e-child\" data-id=\"00ad3ae\" data-element_type=\"container\" data-e-type=\"container\">\n\t\t\t\t<div class=\"elementor-element elementor-element-488fc78 elementor-widget-mobile__width-inherit elementor-widget elementor-widget-image\" data-id=\"488fc78\" data-element_type=\"widget\" data-e-type=\"widget\" data-widget_type=\"image.default\">\n\t\t\t\t<div class=\"elementor-widget-container\">\n\t\t\t\t\t\t\t\t\t\t\t\t\t\t\t<img fetchpriority=\"high\" decoding=\"async\" width=\"1080\" height=\"1080\" src=\"https:\/\/influencerverified.co\/wp-content\/uploads\/2026\/01\/IMG__PARA-MARCAS_El-sello.png\" class=\"attachment-full size-full wp-image-5306\" alt=\"\" srcset=\"https:\/\/influencerverified.co\/wp-content\/uploads\/2026\/01\/IMG__PARA-MARCAS_El-sello.png 1080w, https:\/\/influencerverified.co\/wp-content\/uploads\/2026\/01\/IMG__PARA-MARCAS_El-sello-300x300.png 300w, https:\/\/influencerverified.co\/wp-content\/uploads\/2026\/01\/IMG__PARA-MARCAS_El-sello-1024x1024.png 1024w, https:\/\/influencerverified.co\/wp-content\/uploads\/2026\/01\/IMG__PARA-MARCAS_El-sello-150x150.png 150w, https:\/\/influencerverified.co\/wp-content\/uploads\/2026\/01\/IMG__PARA-MARCAS_El-sello-768x768.png 768w\" sizes=\"(max-width: 1080px) 100vw, 1080px\" \/>\t\t\t\t\t\t\t\t\t\t\t\t\t\t\t<\/div>\n\t\t\t\t<\/div>\n\t\t\t\t<\/div>\n\t\t<div class=\"elementor-element elementor-element-c6e1032 e-con-full e-flex e-con e-child\" data-id=\"c6e1032\" data-element_type=\"container\" data-e-type=\"container\">\n\t\t<div class=\"elementor-element elementor-element-44b6a98 e-con-full e-flex e-con e-child\" data-id=\"44b6a98\" data-element_type=\"container\" data-e-type=\"container\">\n\t\t<div class=\"elementor-element elementor-element-bd1cc97 e-con-full e-flex elementor-invisible e-con e-child\" data-id=\"bd1cc97\" data-element_type=\"container\" data-e-type=\"container\" data-settings=\"{&quot;animation&quot;:&quot;fadeIn&quot;,&quot;animation_delay&quot;:300}\">\n\t\t\t\t<div class=\"elementor-element elementor-element-38214cb elementor-widget elementor-widget-heading\" data-id=\"38214cb\" data-element_type=\"widget\" data-e-type=\"widget\" data-widget_type=\"heading.default\">\n\t\t\t\t<div class=\"elementor-widget-container\">\n\t\t\t\t\t<h4 class=\"elementor-heading-title elementor-size-default\">Influencer Verified Seal<\/h4>\t\t\t\t<\/div>\n\t\t\t\t<\/div>\n\t\t\t\t<div class=\"elementor-element elementor-element-821dbc0 elementor-widget elementor-widget-text-editor\" data-id=\"821dbc0\" data-element_type=\"widget\" data-e-type=\"widget\" data-widget_type=\"text-editor.default\">\n\t\t\t\t<div class=\"elementor-widget-container\">\n\t\t\t\t\t\t\t\t\t<p>Influencers who meet the criteria earn the Verified Seal &#8211; a trusted symbol of professionalism and reliability.<\/p><p>Our methodology combines data analysis, manual review and evaluation by an expert committee in marketing, psychology and digital strategy.<\/p>\t\t\t\t\t\t\t\t<\/div>\n\t\t\t\t<\/div>\n\t\t\t\t<\/div>\n\t\t<div class=\"elementor-element elementor-element-a5aa85f e-con-full e-flex elementor-invisible e-con e-child\" data-id=\"a5aa85f\" data-element_type=\"container\" data-e-type=\"container\" data-settings=\"{&quot;animation&quot;:&quot;fadeIn&quot;,&quot;animation_delay&quot;:700}\">\n\t\t\t\t<div class=\"elementor-element elementor-element-df8e2a7 elementor-widget elementor-widget-heading\" data-id=\"df8e2a7\" data-element_type=\"widget\" data-e-type=\"widget\" data-widget_type=\"heading.default\">\n\t\t\t\t<div class=\"elementor-widget-container\">\n\t\t\t\t\t<h4 class=\"elementor-heading-title elementor-size-default\">Industry leaders<\/h4>\t\t\t\t<\/div>\n\t\t\t\t<\/div>\n\t\t\t\t<div class=\"elementor-element elementor-element-810e302 elementor-widget elementor-widget-text-editor\" data-id=\"810e302\" data-element_type=\"widget\" data-e-type=\"widget\" data-widget_type=\"text-editor.default\">\n\t\t\t\t<div class=\"elementor-widget-container\">\n\t\t\t\t\t\t\t\t\t<p><strong>Powered by RealFluencers<\/strong> &#8211; Latin America&#8217;s leading platform for quality influencer marketing &#8211; Verified helps brands make the right choices and creators stand out as true professionals.<\/p>\t\t\t\t\t\t\t\t<\/div>\n\t\t\t\t<\/div>\n\t\t\t\t<\/div>\n\t\t<div class=\"elementor-element elementor-element-e8e7775 e-con-full e-flex elementor-invisible e-con e-child\" data-id=\"e8e7775\" data-element_type=\"container\" data-e-type=\"container\" data-settings=\"{&quot;animation&quot;:&quot;fadeIn&quot;,&quot;animation_delay&quot;:1200}\">\n\t\t\t\t<div class=\"elementor-element elementor-element-5fed0fb elementor-widget elementor-widget-text-editor\" data-id=\"5fed0fb\" data-element_type=\"widget\" data-e-type=\"widget\" data-widget_type=\"text-editor.default\">\n\t\t\t\t<div class=\"elementor-widget-container\">\n\t\t\t\t\t\t\t\t\t<p>Our promise is clear:<\/p>\t\t\t\t\t\t\t\t<\/div>\n\t\t\t\t<\/div>\n\t\t\t\t<div class=\"elementor-element elementor-element-b579573 elementor-widget elementor-widget-image\" data-id=\"b579573\" data-element_type=\"widget\" data-e-type=\"widget\" data-widget_type=\"image.default\">\n\t\t\t\t<div class=\"elementor-widget-container\">\n\t\t\t\t\t\t\t\t\t\t\t\t\t\t\t<img decoding=\"async\" width=\"1\" height=\"1\" src=\"https:\/\/influencerverified.co\/wp-content\/uploads\/2025\/05\/Better-Influencers-1.svg\" class=\"attachment-large size-large wp-image-4168\" alt=\"\" \/>\t\t\t\t\t\t\t\t\t\t\t\t\t\t\t<\/div>\n\t\t\t\t<\/div>\n\t\t\t\t<\/div>\n\t\t\t\t<\/div>\n\t\t\t\t<\/div>\n\t\t\t\t\t<\/div>\n\t\t\t\t<\/div>\n\t\t\t\t<\/div>\n\t\t","protected":false},"excerpt":{"rendered":"<p>The Verified Influencer by RealFluencers Seal simplifies this process by connecting brands with influencers who meet the highest standards of quality, professionalism and credibility.<\/p>\n","protected":false},"author":2,"featured_media":6929,"parent":0,"menu_order":0,"comment_status":"closed","ping_status":"closed","template":"elementor_header_footer","meta":{"footnotes":""},"class_list":["post-6187","page","type-page","status-publish","has-post-thumbnail","hentry"],"yoast_head":"<!-- This site is optimized with the Yoast SEO plugin v27.3 - https:\/\/yoast.com\/product\/yoast-seo-wordpress\/ -->\n<title>About us | Influencer Verified<\/title>\n<meta name=\"robots\" content=\"index, follow, max-snippet:-1, max-image-preview:large, max-video-preview:-1\" \/>\n<link rel=\"canonical\" href=\"https:\/\/influencerverified.co\/en\/about-us\/\" \/>\n<meta property=\"og:locale\" content=\"en_US\" \/>\n<meta property=\"og:type\" content=\"article\" \/>\n<meta property=\"og:title\" content=\"About us | Influencer Verified\" \/>\n<meta property=\"og:description\" content=\"The Verified Influencer by RealFluencers Seal simplifies this process by connecting brands with influencers who meet the highest standards of quality, professionalism and credibility.\" \/>\n<meta property=\"og:url\" content=\"https:\/\/influencerverified.co\/en\/about-us\/\" \/>\n<meta property=\"og:site_name\" content=\"Influencer Verified\" \/>\n<meta property=\"article:modified_time\" content=\"2026-02-16T19:22:29+00:00\" \/>\n<meta property=\"og:image\" content=\"https:\/\/influencerverified.co\/wp-content\/uploads\/2025\/05\/share_verified.jpg\" \/>\n\t<meta property=\"og:image:width\" content=\"1800\" \/>\n\t<meta property=\"og:image:height\" content=\"1536\" \/>\n\t<meta property=\"og:image:type\" content=\"image\/jpeg\" \/>\n<meta name=\"twitter:card\" content=\"summary_large_image\" \/>\n<script type=\"application\/ld+json\" class=\"yoast-schema-graph\">{\"@context\":\"https:\\\/\\\/schema.org\",\"@graph\":[{\"@type\":\"WebPage\",\"@id\":\"https:\\\/\\\/influencerverified.co\\\/en\\\/about-us\\\/\",\"url\":\"https:\\\/\\\/influencerverified.co\\\/en\\\/about-us\\\/\",\"name\":\"About us | Influencer Verified\",\"isPartOf\":{\"@id\":\"https:\\\/\\\/influencerverified.co\\\/en\\\/#website\"},\"primaryImageOfPage\":{\"@id\":\"https:\\\/\\\/influencerverified.co\\\/en\\\/about-us\\\/#primaryimage\"},\"image\":{\"@id\":\"https:\\\/\\\/influencerverified.co\\\/en\\\/about-us\\\/#primaryimage\"},\"thumbnailUrl\":\"https:\\\/\\\/influencerverified.co\\\/wp-content\\\/uploads\\\/2026\\\/04\\\/thumb_opengraph.jpg\",\"datePublished\":\"2026-02-04T19:20:13+00:00\",\"dateModified\":\"2026-02-16T19:22:29+00:00\",\"breadcrumb\":{\"@id\":\"https:\\\/\\\/influencerverified.co\\\/en\\\/about-us\\\/#breadcrumb\"},\"inLanguage\":\"en-US\",\"potentialAction\":[{\"@type\":\"ReadAction\",\"target\":[\"https:\\\/\\\/influencerverified.co\\\/en\\\/about-us\\\/\"]}]},{\"@type\":\"ImageObject\",\"inLanguage\":\"en-US\",\"@id\":\"https:\\\/\\\/influencerverified.co\\\/en\\\/about-us\\\/#primaryimage\",\"url\":\"https:\\\/\\\/influencerverified.co\\\/wp-content\\\/uploads\\\/2026\\\/04\\\/thumb_opengraph.jpg\",\"contentUrl\":\"https:\\\/\\\/influencerverified.co\\\/wp-content\\\/uploads\\\/2026\\\/04\\\/thumb_opengraph.jpg\",\"width\":2000,\"height\":1122},{\"@type\":\"BreadcrumbList\",\"@id\":\"https:\\\/\\\/influencerverified.co\\\/en\\\/about-us\\\/#breadcrumb\",\"itemListElement\":[{\"@type\":\"ListItem\",\"position\":1,\"name\":\"Inicio\",\"item\":\"https:\\\/\\\/influencerverified.co\\\/en\\\/\"},{\"@type\":\"ListItem\",\"position\":2,\"name\":\"About us\"}]},{\"@type\":\"WebSite\",\"@id\":\"https:\\\/\\\/influencerverified.co\\\/en\\\/#website\",\"url\":\"https:\\\/\\\/influencerverified.co\\\/en\\\/\",\"name\":\"Verified by RealFluencers\",\"description\":\"M\u00e1s que n\u00fameros. Verified demuestra que eres un creador profesional, \u00e9tico, aut\u00e9ntico y confiable.  Porque hoy, ser influencer es una carrera de verdad.\",\"publisher\":{\"@id\":\"https:\\\/\\\/influencerverified.co\\\/en\\\/#organization\"},\"alternateName\":\"Verified\",\"potentialAction\":[{\"@type\":\"SearchAction\",\"target\":{\"@type\":\"EntryPoint\",\"urlTemplate\":\"https:\\\/\\\/influencerverified.co\\\/en\\\/?s={search_term_string}\"},\"query-input\":{\"@type\":\"PropertyValueSpecification\",\"valueRequired\":true,\"valueName\":\"search_term_string\"}}],\"inLanguage\":\"en-US\"},{\"@type\":\"Organization\",\"@id\":\"https:\\\/\\\/influencerverified.co\\\/en\\\/#organization\",\"name\":\"RealFluencers\",\"url\":\"https:\\\/\\\/influencerverified.co\\\/en\\\/\",\"logo\":{\"@type\":\"ImageObject\",\"inLanguage\":\"en-US\",\"@id\":\"https:\\\/\\\/influencerverified.co\\\/en\\\/#\\\/schema\\\/logo\\\/image\\\/\",\"url\":\"https:\\\/\\\/verified.realfluencers.co\\\/wp-content\\\/uploads\\\/2024\\\/12\\\/7cdf56f3d2a7be595cf79141db7d6b70.svg\",\"contentUrl\":\"https:\\\/\\\/verified.realfluencers.co\\\/wp-content\\\/uploads\\\/2024\\\/12\\\/7cdf56f3d2a7be595cf79141db7d6b70.svg\",\"width\":63,\"height\":31,\"caption\":\"RealFluencers\"},\"image\":{\"@id\":\"https:\\\/\\\/influencerverified.co\\\/en\\\/#\\\/schema\\\/logo\\\/image\\\/\"}}]}<\/script>\n<!-- \/ Yoast SEO plugin. -->","yoast_head_json":{"title":"About us | Influencer Verified","robots":{"index":"index","follow":"follow","max-snippet":"max-snippet:-1","max-image-preview":"max-image-preview:large","max-video-preview":"max-video-preview:-1"},"canonical":"https:\/\/influencerverified.co\/en\/about-us\/","og_locale":"en_US","og_type":"article","og_title":"About us | Influencer Verified","og_description":"The Verified Influencer by RealFluencers Seal simplifies this process by connecting brands with influencers who meet the highest standards of quality, professionalism and credibility.","og_url":"https:\/\/influencerverified.co\/en\/about-us\/","og_site_name":"Influencer Verified","article_modified_time":"2026-02-16T19:22:29+00:00","og_image":[{"width":1800,"height":1536,"url":"https:\/\/influencerverified.co\/wp-content\/uploads\/2025\/05\/share_verified.jpg","type":"image\/jpeg"}],"twitter_card":"summary_large_image","schema":{"@context":"https:\/\/schema.org","@graph":[{"@type":"WebPage","@id":"https:\/\/influencerverified.co\/en\/about-us\/","url":"https:\/\/influencerverified.co\/en\/about-us\/","name":"About us | Influencer Verified","isPartOf":{"@id":"https:\/\/influencerverified.co\/en\/#website"},"primaryImageOfPage":{"@id":"https:\/\/influencerverified.co\/en\/about-us\/#primaryimage"},"image":{"@id":"https:\/\/influencerverified.co\/en\/about-us\/#primaryimage"},"thumbnailUrl":"https:\/\/influencerverified.co\/wp-content\/uploads\/2026\/04\/thumb_opengraph.jpg","datePublished":"2026-02-04T19:20:13+00:00","dateModified":"2026-02-16T19:22:29+00:00","breadcrumb":{"@id":"https:\/\/influencerverified.co\/en\/about-us\/#breadcrumb"},"inLanguage":"en-US","potentialAction":[{"@type":"ReadAction","target":["https:\/\/influencerverified.co\/en\/about-us\/"]}]},{"@type":"ImageObject","inLanguage":"en-US","@id":"https:\/\/influencerverified.co\/en\/about-us\/#primaryimage","url":"https:\/\/influencerverified.co\/wp-content\/uploads\/2026\/04\/thumb_opengraph.jpg","contentUrl":"https:\/\/influencerverified.co\/wp-content\/uploads\/2026\/04\/thumb_opengraph.jpg","width":2000,"height":1122},{"@type":"BreadcrumbList","@id":"https:\/\/influencerverified.co\/en\/about-us\/#breadcrumb","itemListElement":[{"@type":"ListItem","position":1,"name":"Inicio","item":"https:\/\/influencerverified.co\/en\/"},{"@type":"ListItem","position":2,"name":"About us"}]},{"@type":"WebSite","@id":"https:\/\/influencerverified.co\/en\/#website","url":"https:\/\/influencerverified.co\/en\/","name":"Verified by RealFluencers","description":"M\u00e1s que n\u00fameros. Verified demuestra que eres un creador profesional, \u00e9tico, aut\u00e9ntico y confiable.  Porque hoy, ser influencer es una carrera de verdad.","publisher":{"@id":"https:\/\/influencerverified.co\/en\/#organization"},"alternateName":"Verified","potentialAction":[{"@type":"SearchAction","target":{"@type":"EntryPoint","urlTemplate":"https:\/\/influencerverified.co\/en\/?s={search_term_string}"},"query-input":{"@type":"PropertyValueSpecification","valueRequired":true,"valueName":"search_term_string"}}],"inLanguage":"en-US"},{"@type":"Organization","@id":"https:\/\/influencerverified.co\/en\/#organization","name":"RealFluencers","url":"https:\/\/influencerverified.co\/en\/","logo":{"@type":"ImageObject","inLanguage":"en-US","@id":"https:\/\/influencerverified.co\/en\/#\/schema\/logo\/image\/","url":"https:\/\/verified.realfluencers.co\/wp-content\/uploads\/2024\/12\/7cdf56f3d2a7be595cf79141db7d6b70.svg","contentUrl":"https:\/\/verified.realfluencers.co\/wp-content\/uploads\/2024\/12\/7cdf56f3d2a7be595cf79141db7d6b70.svg","width":63,"height":31,"caption":"RealFluencers"},"image":{"@id":"https:\/\/influencerverified.co\/en\/#\/schema\/logo\/image\/"}}]}},"_links":{"self":[{"href":"https:\/\/influencerverified.co\/en\/wp-json\/wp\/v2\/pages\/6187","targetHints":{"allow":["GET"]}}],"collection":[{"href":"https:\/\/influencerverified.co\/en\/wp-json\/wp\/v2\/pages"}],"about":[{"href":"https:\/\/influencerverified.co\/en\/wp-json\/wp\/v2\/types\/page"}],"author":[{"embeddable":true,"href":"https:\/\/influencerverified.co\/en\/wp-json\/wp\/v2\/users\/2"}],"replies":[{"embeddable":true,"href":"https:\/\/influencerverified.co\/en\/wp-json\/wp\/v2\/comments?post=6187"}],"version-history":[{"count":1,"href":"https:\/\/influencerverified.co\/en\/wp-json\/wp\/v2\/pages\/6187\/revisions"}],"predecessor-version":[{"id":6188,"href":"https:\/\/influencerverified.co\/en\/wp-json\/wp\/v2\/pages\/6187\/revisions\/6188"}],"wp:featuredmedia":[{"embeddable":true,"href":"https:\/\/influencerverified.co\/en\/wp-json\/wp\/v2\/media\/6929"}],"wp:attachment":[{"href":"https:\/\/influencerverified.co\/en\/wp-json\/wp\/v2\/media?parent=6187"}],"curies":[{"name":"wp","href":"https:\/\/api.w.org\/{rel}","templated":true}]}}